{"id":19,"date":"2020-11-16T01:52:30","date_gmt":"2020-11-16T00:52:30","guid":{"rendered":"http:\/\/asenwuko.com.pl\/?page_id=19"},"modified":"2021-01-19T19:43:34","modified_gmt":"2021-01-19T18:43:34","slug":"o-nas","status":"publish","type":"page","link":"https:\/\/asenwuko.com.pl\/index.php\/o-nas\/","title":{"rendered":"O nas"},"content":{"rendered":"\n<p>Nasza firma dzia\u0142a nieprzerwanie od 1998 roku. Od tej pory ci\u0105gle modernizujemy nasz\u0105 flot\u0119 oraz rozszerzamy zasi\u0119g dzia\u0142ania.<br><\/p>\n\n\n\n<p><br>Obecnie \u015bwiadczymy us\u0142ugi wywozu nieczysto\u015bci z takich zbiornik\u00f3w jak:<\/p>\n\n\n\n<ul><li>Szamba<\/li><li>Osadniki<\/li><li>Przydomowe oczyszczalnie \u015bciek\u00f3w<\/li><li>Zbiorniki wody deszczowej<\/li><li>Separatory t\u0142uszczowe<\/li><\/ul>\n\n\n\n<p>A tak\u017ce inne zbiorniki pokrewnych zastosowa\u0144. Nieczysto\u015bci odbieramy samochodem asenizacyjnym o pojemno\u015bci zbiornika 12m3. <\/p>\n\n\n\n<p><\/p>\n\n\n\n<p>Nasza baza zlokalizowana jest na terenie Jerzmanowic, posiadamy jednak uprawnienia do wywozu nieczysto\u015bci na terenie 23 gmin:<\/p>\n\n\n\n<ul><li>Krak\u00f3w<\/li><li>Trzebinia<\/li><li>Krzeszowice<\/li><li>Olkusz<\/li><li>Jerzmanowice<\/li><li>Wielka Wie\u015b<\/li><li>Zabierz\u00f3w<\/li><li>Zielonki<\/li><li>Micha\u0142owice<\/li><li>S\u0142omniki<\/li><li>Ska\u0142a<\/li><li>Iwanowice<\/li><li>Trzyci\u0105\u017c<\/li><li>Su\u0142oszowa<\/li><li>Klucze<\/li><li>Bukowno<\/li><li>Libi\u0105\u017c<\/li><li>Chrzan\u00f3w<\/li><li>Skawina<\/li><li>O\u015bwi\u0119cim<\/li><li>Brze\u017anica<\/li><li>Spytkowice<\/li><li>Przecisz\u00f3w<\/li><li>Liszki<\/li><\/ul>\n\n\n\n<p>Zapraszamy do <a href=\"http:\/\/asenwuko.com.pl\/index.php\/kontakt\/\">kontaktu<\/a>!<\/p>\n","protected":false},"excerpt":{"rendered":"<p>Nasza firma dzia\u0142a nieprzerwanie od 1998 roku. Od tej pory ci\u0105gle modernizujemy nasz\u0105 flot\u0119 oraz rozszerzamy zasi\u0119g dzia\u0142ania. Obecnie \u015bwiadczymy us\u0142ugi wywozu nieczysto\u015bci z takich zbiornik\u00f3w jak: Szamba Osadniki Przydomowe oczyszczalnie \u015bciek\u00f3w Zbiorniki wody deszczowej Separatory t\u0142uszczowe A tak\u017ce inne<\/p>\n","protected":false},"author":1,"featured_media":0,"parent":0,"menu_order":0,"comment_status":"closed","ping_status":"closed","template":"","meta":[],"yoast_head":"<!-- This site is optimized with the Yoast SEO plugin v15.4 - https:\/\/yoast.com\/wordpress\/plugins\/seo\/ -->\n<title>O nas - Asen-Wuko<\/title>\n<meta name=\"description\" content=\"Wyw\u00f3z nieczysto\u015bci na terenie: Krak\u00f3w, Trzebinia, Krzeszowice, Olkusz, Jerzmanowice, Wielka Wie\u015b, Zabierz\u00f3w, Zielonki, Micha\u0142owice, S\u0142omniki, Ska\u0142a, Iwanowice, Trzyci\u0105\u017c, Su\u0142oszowa, Klucze, Bukowno, Libi\u0105\u017c, Chrzan\u00f3w, Skawina, O\u015bwi\u0119cim, Brze\u017anica, Spytkowice, Przecisz\u00f3w, Liszki\" \/>\n<meta name=\"robots\" content=\"index, follow, max-snippet:-1, max-image-preview:large, max-video-preview:-1\" \/>\n<link rel=\"canonical\" href=\"https:\/\/asenwuko.com.pl\/index.php\/o-nas\/\" \/>\n<meta property=\"og:locale\" content=\"pl_PL\" \/>\n<meta property=\"og:type\" content=\"article\" \/>\n<meta property=\"og:title\" content=\"O nas - Asen-Wuko\" \/>\n<meta property=\"og:description\" content=\"Wyw\u00f3z nieczysto\u015bci na terenie: Krak\u00f3w, Trzebinia, Krzeszowice, Olkusz, Jerzmanowice, Wielka Wie\u015b, Zabierz\u00f3w, Zielonki, Micha\u0142owice, S\u0142omniki, Ska\u0142a, Iwanowice, Trzyci\u0105\u017c, Su\u0142oszowa, Klucze, Bukowno, Libi\u0105\u017c, Chrzan\u00f3w, Skawina, O\u015bwi\u0119cim, Brze\u017anica, Spytkowice, Przecisz\u00f3w, Liszki\" \/>\n<meta property=\"og:url\" content=\"https:\/\/asenwuko.com.pl\/index.php\/o-nas\/\" \/>\n<meta property=\"og:site_name\" content=\"Asen-Wuko\" \/>\n<meta property=\"article:modified_time\" content=\"2021-01-19T18:43:34+00:00\" \/>\n<meta name=\"twitter:card\" content=\"summary_large_image\" \/>\n<meta name=\"twitter:label1\" content=\"Written by\">\n\t<meta name=\"twitter:data1\" content=\"admin\">\n\t<meta name=\"twitter:label2\" content=\"Est. reading time\">\n\t<meta name=\"twitter:data2\" content=\"0 minut\">\n<script type=\"application\/ld+json\" class=\"yoast-schema-graph\">{\"@context\":\"https:\/\/schema.org\",\"@graph\":[{\"@type\":\"WebSite\",\"@id\":\"https:\/\/asenwuko.com.pl\/#website\",\"url\":\"https:\/\/asenwuko.com.pl\/\",\"name\":\"Asen-Wuko\",\"description\":\"Twoja firma asenizacyjna!\",\"potentialAction\":[{\"@type\":\"SearchAction\",\"target\":\"https:\/\/asenwuko.com.pl\/?s={search_term_string}\",\"query-input\":\"required name=search_term_string\"}],\"inLanguage\":\"pl-PL\"},{\"@type\":\"WebPage\",\"@id\":\"https:\/\/asenwuko.com.pl\/index.php\/o-nas\/#webpage\",\"url\":\"https:\/\/asenwuko.com.pl\/index.php\/o-nas\/\",\"name\":\"O nas - Asen-Wuko\",\"isPartOf\":{\"@id\":\"https:\/\/asenwuko.com.pl\/#website\"},\"datePublished\":\"2020-11-16T00:52:30+00:00\",\"dateModified\":\"2021-01-19T18:43:34+00:00\",\"description\":\"Wyw\\u00f3z nieczysto\\u015bci na terenie: Krak\\u00f3w, Trzebinia, Krzeszowice, Olkusz, Jerzmanowice, Wielka Wie\\u015b, Zabierz\\u00f3w, Zielonki, Micha\\u0142owice, S\\u0142omniki, Ska\\u0142a, Iwanowice, Trzyci\\u0105\\u017c, Su\\u0142oszowa, Klucze, Bukowno, Libi\\u0105\\u017c, Chrzan\\u00f3w, Skawina, O\\u015bwi\\u0119cim, Brze\\u017anica, Spytkowice, Przecisz\\u00f3w, Liszki\",\"inLanguage\":\"pl-PL\",\"potentialAction\":[{\"@type\":\"ReadAction\",\"target\":[\"https:\/\/asenwuko.com.pl\/index.php\/o-nas\/\"]}]}]}<\/script>\n<!-- \/ Yoast SEO plugin. -->","_links":{"self":[{"href":"https:\/\/asenwuko.com.pl\/index.php\/wp-json\/wp\/v2\/pages\/19"}],"collection":[{"href":"https:\/\/asenwuko.com.pl\/index.php\/wp-json\/wp\/v2\/pages"}],"about":[{"href":"https:\/\/asenwuko.com.pl\/index.php\/wp-json\/wp\/v2\/types\/page"}],"author":[{"embeddable":true,"href":"https:\/\/asenwuko.com.pl\/index.php\/wp-json\/wp\/v2\/users\/1"}],"replies":[{"embeddable":true,"href":"https:\/\/asenwuko.com.pl\/index.php\/wp-json\/wp\/v2\/comments?post=19"}],"version-history":[{"count":3,"href":"https:\/\/asenwuko.com.pl\/index.php\/wp-json\/wp\/v2\/pages\/19\/revisions"}],"predecessor-version":[{"id":61,"href":"https:\/\/asenwuko.com.pl\/index.php\/wp-json\/wp\/v2\/pages\/19\/revisions\/61"}],"wp:attachment":[{"href":"https:\/\/asenwuko.com.pl\/index.php\/wp-json\/wp\/v2\/media?parent=19"}],"curies":[{"name":"wp","href":"https:\/\/api.w.org\/{rel}","templated":true}]}}